{"id":452,"date":"2024-03-14T21:26:16","date_gmt":"2024-03-15T00:26:16","guid":{"rendered":"https:\/\/casadacosturarenova.com.br\/?page_id=452"},"modified":"2024-10-05T08:42:36","modified_gmt":"2024-10-05T11:42:36","slug":"a-casa-da-costura","status":"publish","type":"page","link":"https:\/\/casadacosturarenova.com.br\/index.php\/a-casa-da-costura\/","title":{"rendered":"A CASA DA COSTURA"},"content":{"rendered":"<p><div class=\"fusion-fullwidth fullwidth-box fusion-builder-row-1 fusion-flex-container has-pattern-background has-mask-background nonhundred-percent-fullwidth non-hundred-percent-height-scrolling\" style=\"--awb-border-radius-top-left:0px;--awb-border-radius-top-right:0px;--awb-border-radius-bottom-right:0px;--awb-border-radius-bottom-left:0px;\" ><div class=\"fusion-builder-row fusion-row fusion-flex-align-items-flex-start\" style=\"max-width:1248px;margin-left: calc(-4% \/ 2 );margin-right: calc(-4% \/ 2 );\"><div class=\"fusion-layout-column fusion_builder_column fusion-builder-column-0 fusion_builder_column_1_1 1_1 fusion-flex-column\" style=\"--awb-bg-size:cover;--awb-width-large:100%;--awb-margin-top-large:0px;--awb-spacing-right-large:1.92%;--awb-margin-bottom-large:20px;--awb-spacing-left-large:1.92%;--awb-width-medium:100%;--awb-order-medium:0;--awb-spacing-right-medium:1.92%;--awb-spacing-left-medium:1.92%;--awb-width-small:100%;--awb-order-small:0;--awb-spacing-right-small:1.92%;--awb-spacing-left-small:1.92%;\"><div class=\"fusion-column-wrapper fusion-column-has-shadow fusion-flex-justify-content-flex-start fusion-content-layout-column\"><div class=\"fusion-title title fusion-title-1 fusion-title-center fusion-title-text fusion-title-size-three\" style=\"--awb-text-color:#a8b3a0;--awb-sep-color:#a8b3a0;\"><div class=\"title-sep-container title-sep-container-left\"><div class=\"title-sep sep-double sep-dashed\" style=\"border-color:#a8b3a0;\"><\/div><\/div><span class=\"awb-title-spacer\"><\/span><h3 class=\"title-heading-center\" style=\"margin:0;\">SOBRE A CASA DA COSTURA RENOVA<\/h3><span class=\"awb-title-spacer\"><\/span><div class=\"title-sep-container title-sep-container-right\"><div class=\"title-sep sep-double sep-dashed\" style=\"border-color:#a8b3a0;\"><\/div><\/div><\/div><\/div><\/div><\/div><\/div><div class=\"fusion-fullwidth fullwidth-box fusion-builder-row-2 fusion-flex-container has-pattern-background has-mask-background nonhundred-percent-fullwidth non-hundred-percent-height-scrolling\" style=\"--awb-border-radius-top-left:0px;--awb-border-radius-top-right:0px;--awb-border-radius-bottom-right:0px;--awb-border-radius-bottom-left:0px;\" ><div class=\"fusion-builder-row fusion-row fusion-flex-align-items-flex-start\" style=\"max-width:1248px;margin-left: calc(-4% \/ 2 );margin-right: calc(-4% \/ 2 );\"><div class=\"fusion-layout-column fusion_builder_column fusion-builder-column-1 fusion_builder_column_2_3 2_3 fusion-flex-column\" style=\"--awb-bg-size:cover;--awb-width-large:66.666666666667%;--awb-margin-top-large:0px;--awb-spacing-right-large:2.88%;--awb-margin-bottom-large:20px;--awb-spacing-left-large:2.88%;--awb-width-medium:66.666666666667%;--awb-order-medium:0;--awb-spacing-right-medium:2.88%;--awb-spacing-left-medium:2.88%;--awb-width-small:100%;--awb-order-small:0;--awb-spacing-right-small:1.92%;--awb-spacing-left-small:1.92%;\"><div class=\"fusion-column-wrapper fusion-column-has-shadow fusion-flex-justify-content-flex-start fusion-content-layout-column\"><div class=\"fusion-text fusion-text-1\"><h2 style=\"text-align: justify;\">QUEM SOMOS<\/h2>\n<p style=\"text-align: justify;\">A Casa da Costura e Acess\u00f3rios Renova\u00a0 surgiu junto com a pandemia ao ver a necessidade dos clientes na procura dos nossos servi\u00e7os. Nos adequamos aos novos tempos absorvendo m\u00e3o de obra de profissionais que trabalham neste seguimento mas que tiveram seus trabalhos\u00a0 sucumbidos pela covid-23. Hoje contamos com profissionais de alto padr\u00e3o para atender a todas as demandas de trabalho propostas.<\/p>\n<h2 style=\"text-align: justify;\">VIS\u00c3O<\/h2>\n<p style=\"text-align: justify;\">Ser l\u00edder e refer\u00eancia no setor de costura na regi\u00e3o Sul do Brasil.<\/p>\n<h2 style=\"text-align: justify;\">MISS\u00c3O<\/h2>\n<p style=\"text-align: justify;\">Desenvolver solu\u00e7\u00f5es em costura, sempre com excel\u00eancia e servi\u00e7o de qualidade que garantam a satisfa\u00e7\u00e3o integral de nossos clientes.<\/p>\n<\/div><\/div><\/div><div class=\"fusion-layout-column fusion_builder_column fusion-builder-column-2 fusion_builder_column_1_3 1_3 fusion-flex-column\" style=\"--awb-bg-size:cover;--awb-width-large:33.333333333333%;--awb-margin-top-large:0px;--awb-spacing-right-large:5.76%;--awb-margin-bottom-large:20px;--awb-spacing-left-large:5.76%;--awb-width-medium:33.333333333333%;--awb-order-medium:0;--awb-spacing-right-medium:5.76%;--awb-spacing-left-medium:5.76%;--awb-width-small:100%;--awb-order-small:0;--awb-spacing-right-small:1.92%;--awb-spacing-left-small:1.92%;\"><div class=\"fusion-column-wrapper fusion-column-has-shadow fusion-flex-justify-content-flex-start fusion-content-layout-column\"><div class=\"fusion-image-element \" style=\"--awb-caption-title-font-family:var(--h2_typography-font-family);--awb-caption-title-font-weight:var(--h2_typography-font-weight);--awb-caption-title-font-style:var(--h2_typography-font-style);--awb-caption-title-size:var(--h2_typography-font-size);--awb-caption-title-transform:var(--h2_typography-text-transform);--awb-caption-title-line-height:var(--h2_typography-line-height);--awb-caption-title-letter-spacing:var(--h2_typography-letter-spacing);\"><span class=\" fusion-imageframe imageframe-none imageframe-1 hover-type-none\" class=\"image-magnify\" class=\"image-scroll\"><img decoding=\"async\" width=\"252\" height=\"286\" title=\"logo_black\" src=\"https:\/\/casadacosturarenova.com.br\/wp-content\/uploads\/2024\/05\/logo_black.png\" alt class=\"img-responsive wp-image-946\" srcset=\"https:\/\/casadacosturarenova.com.br\/wp-content\/uploads\/2024\/05\/logo_black-200x227.png 200w, https:\/\/casadacosturarenova.com.br\/wp-content\/uploads\/2024\/05\/logo_black.png 252w\" sizes=\"(max-width: 640px) 100vw, 252px\" \/><\/span><\/div><\/div><\/div><\/div><\/div><\/p>\n","protected":false},"excerpt":{"rendered":"","protected":false},"author":1,"featured_media":0,"parent":0,"menu_order":0,"comment_status":"closed","ping_status":"closed","template":"100-width.php","meta":{"footnotes":""},"class_list":["post-452","page","type-page","status-publish","hentry"],"_links":{"self":[{"href":"https:\/\/casadacosturarenova.com.br\/index.php\/wp-json\/wp\/v2\/pages\/452","targetHints":{"allow":["GET"]}}],"collection":[{"href":"https:\/\/casadacosturarenova.com.br\/index.php\/wp-json\/wp\/v2\/pages"}],"about":[{"href":"https:\/\/casadacosturarenova.com.br\/index.php\/wp-json\/wp\/v2\/types\/page"}],"author":[{"embeddable":true,"href":"https:\/\/casadacosturarenova.com.br\/index.php\/wp-json\/wp\/v2\/users\/1"}],"replies":[{"embeddable":true,"href":"https:\/\/casadacosturarenova.com.br\/index.php\/wp-json\/wp\/v2\/comments?post=452"}],"version-history":[{"count":26,"href":"https:\/\/casadacosturarenova.com.br\/index.php\/wp-json\/wp\/v2\/pages\/452\/revisions"}],"predecessor-version":[{"id":1043,"href":"https:\/\/casadacosturarenova.com.br\/index.php\/wp-json\/wp\/v2\/pages\/452\/revisions\/1043"}],"wp:attachment":[{"href":"https:\/\/casadacosturarenova.com.br\/index.php\/wp-json\/wp\/v2\/media?parent=452"}],"curies":[{"name":"wp","href":"https:\/\/api.w.org\/{rel}","templated":true}]}}